{"id":4320,"date":"2019-08-28T11:32:01","date_gmt":"2019-08-28T09:32:01","guid":{"rendered":"https:\/\/www.umtools.com\/?page_id=4320"},"modified":"2025-01-14T13:36:59","modified_gmt":"2025-01-14T12:36:59","slug":"glossario-della-metalmeccanica","status":"publish","type":"page","link":"https:\/\/www.umtools.com\/it\/glossario-della-metalmeccanica\/","title":{"rendered":"Glossario della metalmeccanica"},"content":{"rendered":"<p><div class=\"fusion-fullwidth fullwidth-box fusion-builder-row-1 nonhundred-percent-fullwidth non-hundred-percent-height-scrolling\" style=\"--awb-border-radius-top-left:0px;--awb-border-radius-top-right:0px;--awb-border-radius-bottom-right:0px;--awb-border-radius-bottom-left:0px;--awb-flex-wrap:wrap;\" ><div class=\"fusion-builder-row fusion-row\"><div class=\"fusion-layout-column fusion_builder_column fusion-builder-column-0 fusion_builder_column_1_1 1_1 fusion-one-full fusion-column-first fusion-column-last\" style=\"--awb-bg-size:cover;--awb-margin-bottom:0px;\"><div class=\"fusion-column-wrapper fusion-flex-column-wrapper-legacy\"><div class=\"fusion-text fusion-text-1\"><p>Questo glossario della metalmeccanica \u00e8 realizzato anche con il tuo contributo! Scrivici a <strong><a href=\"mailto:social@umtools.com\">social@umtools.com<\/a><\/strong> per proporre la tua parola e la definizione&#8230; a parole tue!<\/p>\n<\/div><div class=\"fusion-sep-clear\"><\/div><div class=\"fusion-separator fusion-has-icon fusion-full-width-sep\" style=\"margin-left: auto;margin-right: auto;width:100%;\"><div class=\"fusion-separator-border sep-single sep-solid\" style=\"--awb-height:20px;--awb-amount:20px;--awb-sep-color:#f41000;border-color:#f41000;border-top-width:1px;\"><\/div><span class=\"icon-wrapper\" style=\"border-color:#f41000;background-color:rgba(255,255,255,0);font-size:17px;width: 1.75em; height: 1.75em;border-width:1px;padding:1px;margin-top:-0.5px\"><i class=\"fa-book-reader fas\" style=\"font-size: inherit;color:#f41000;\" aria-hidden=\"true\"><\/i><\/span><div class=\"fusion-separator-border sep-single sep-solid\" style=\"--awb-height:20px;--awb-amount:20px;--awb-sep-color:#f41000;border-color:#f41000;border-top-width:1px;\"><\/div><\/div><div class=\"fusion-sep-clear\"><\/div><div class=\"fusion-clearfix\"><\/div><\/div><\/div><\/div><\/div><div class=\"fusion-fullwidth fullwidth-box fusion-builder-row-2 nonhundred-percent-fullwidth non-hundred-percent-height-scrolling\" style=\"--awb-border-radius-top-left:0px;--awb-border-radius-top-right:0px;--awb-border-radius-bottom-right:0px;--awb-border-radius-bottom-left:0px;--awb-flex-wrap:wrap;\" ><div class=\"fusion-builder-row fusion-row\"><div class=\"fusion-layout-column fusion_builder_column fusion-builder-column-1 fusion_builder_column_1_2 1_2 fusion-one-half fusion-column-first\" style=\"--awb-bg-size:cover;width:50%;width:calc(50% - ( ( 4% ) * 0.5 ) );margin-right: 4%;\"><div class=\"fusion-column-wrapper fusion-column-has-shadow fusion-flex-column-wrapper-legacy\"><div class=\"fusion-text fusion-text-2\"><h2>Scanalatura<\/h2>\n<p>La scanalatura \u00e8 una lavorazione dedicata all&#8217;asportazione del truciolo, \u00e8 eseguita su pezzi metallici con specifici <strong><a href=\"https:\/\/www.umtools.com\/it\/prodotti\/troncatura-e-scanalatura-a-fissaggio-meccanico-e-inserti\/\" target=\"_blank\" rel=\"noopener noreferrer\">utensili<\/a> <\/strong>e macchine utensili (scanalatrici), sulla base del profilo richiesto, per ottenere cave circolari. Nella maggior parte dei casi le scanalature permettono il serraggio dei pezzi o accoppiamenti smontabili.<\/p>\n<\/div><div class=\"fusion-clearfix\"><\/div><\/div><\/div><div class=\"fusion-layout-column fusion_builder_column fusion-builder-column-2 fusion_builder_column_1_2 1_2 fusion-one-half fusion-column-last\" style=\"--awb-bg-size:cover;width:50%;width:calc(50% - ( ( 4% ) * 0.5 ) );\"><div class=\"fusion-column-wrapper fusion-column-has-shadow fusion-flex-column-wrapper-legacy\"><div class=\"fusion-text fusion-text-3\"><h2>Fresatura<\/h2>\n<p>La fresatura \u00e8 una lavorazione ottenuta attraverso l&#8217;asportazione di materiale. Con la fresatura \u00e8 possibile ottenere varie superfici come piani, spallamenti, scanalature, forature e altre. La lavorazione avviene grazie a un <strong><a href=\"https:\/\/www.umtools.com\/it\/prodotti\/fresatura-a-fissaggio-meccanico-e-inserti\/\">utensile tagliente<\/a><\/strong> a geometria definita. Con la fresatura sono garantite una precisione elevata e una buona finitura superficiale del prodotto finito. I principali parametri di taglio sono la velocit\u00e0 di taglio, da cui ricaviamo la velocit\u00e0 di rotazione della fresa, e l&#8217;avanzamento del pezzo.<\/p>\n<\/div><div class=\"fusion-clearfix\"><\/div><\/div><\/div><div class=\"fusion-layout-column fusion_builder_column fusion-builder-column-3 fusion_builder_column_1_2 1_2 fusion-one-half fusion-column-first\" style=\"--awb-bg-size:cover;width:50%;width:calc(50% - ( ( 4% ) * 0.5 ) );margin-right: 4%;\"><div class=\"fusion-column-wrapper fusion-column-has-shadow fusion-flex-column-wrapper-legacy\"><div class=\"fusion-text fusion-text-4\"><h2>Stozzatura<\/h2>\n<p>\u00c8 una lavorazione meccanica con moto di taglio rettilineo. La sua caratteristica \u00e8 avere una corsa di andata attiva e una corsa di ritorno passiva. \u00c8 utilizzata per creare superfici interne, angoli vivi e profili scanalati. Per questa lavorazione \u00e8 utilizzata la stozzatrice, che agisce per asportazione truciolo con moto rettilineo alternato. Con la stozzatura \u00e8 possibile realizzare profili molto particolari per vari componenti meccanici.\u00e8 una lavorazione meccanica con moto di taglio rettilineo. La sua caratteristica \u00e8 avere una corsa di andata attiva e una corsa di ritorno passiva. \u00c8 utilizzata per creare superfici interne, angoli vivi e profili scanalati. Per questa lavorazione \u00e8 utilizzata la stozzatrice, che agisce per asportazione truciolo con moto rettilineo alternato. Con la stozzatura \u00e8 possibile realizzare profili molto particolari per vari componenti meccanici.<\/p>\n<\/div><div class=\"fusion-clearfix\"><\/div><\/div><\/div><\/div><\/div><\/p>\n","protected":false},"excerpt":{"rendered":"","protected":false},"author":3,"featured_media":0,"parent":0,"menu_order":0,"comment_status":"closed","ping_status":"closed","template":"","meta":{"footnotes":""},"class_list":["post-4320","page","type-page","status-publish","hentry"],"yoast_head":"<!-- This site is optimized with the Yoast SEO plugin v26.4 - https:\/\/yoast.com\/wordpress\/plugins\/seo\/ -->\n<title>Il glossario della metalmeccanica - UM TOOLS<\/title>\n<meta name=\"description\" content=\"Il glossario della metalmeccanica arriva nel nostro sito per definire in modo semplice e sintetico i tanti termini di questo settore.\" \/>\n<meta name=\"robots\" content=\"index, follow, max-snippet:-1, max-image-preview:large, max-video-preview:-1\" \/>\n<link rel=\"canonical\" href=\"https:\/\/www.umtools.com\/it\/glossario-della-metalmeccanica\/\" \/>\n<meta property=\"og:locale\" content=\"it_IT\" \/>\n<meta property=\"og:type\" content=\"article\" \/>\n<meta property=\"og:title\" content=\"Il glossario della metalmeccanica - UM TOOLS\" \/>\n<meta property=\"og:description\" content=\"Il glossario della metalmeccanica arriva nel nostro sito per definire in modo semplice e sintetico i tanti termini di questo settore.\" \/>\n<meta property=\"og:url\" content=\"https:\/\/www.umtools.com\/it\/glossario-della-metalmeccanica\/\" \/>\n<meta property=\"og:site_name\" content=\"UM TOOLS S.r.l.\" \/>\n<meta property=\"article:publisher\" content=\"https:\/\/www.facebook.com\/UMTOOLSsrl\/\" \/>\n<meta property=\"article:modified_time\" content=\"2025-01-14T12:36:59+00:00\" \/>\n<meta property=\"og:image\" content=\"https:\/\/www.umtools.com\/wp-content\/uploads\/2018\/03\/logo-vert-xl.png\" \/>\n\t<meta property=\"og:image:width\" content=\"925\" \/>\n\t<meta property=\"og:image:height\" content=\"644\" \/>\n\t<meta property=\"og:image:type\" content=\"image\/png\" \/>\n<meta name=\"twitter:card\" content=\"summary_large_image\" \/>\n<meta name=\"twitter:site\" content=\"@UM_TOOLS\" \/>\n<meta name=\"twitter:label1\" content=\"Tempo di lettura stimato\" \/>\n\t<meta name=\"twitter:data1\" content=\"2 minuti\" \/>\n<script type=\"application\/ld+json\" class=\"yoast-schema-graph\">{\"@context\":\"https:\/\/schema.org\",\"@graph\":[{\"@type\":\"WebPage\",\"@id\":\"https:\/\/www.umtools.com\/it\/glossario-della-metalmeccanica\/\",\"url\":\"https:\/\/www.umtools.com\/it\/glossario-della-metalmeccanica\/\",\"name\":\"Il glossario della metalmeccanica - UM TOOLS\",\"isPartOf\":{\"@id\":\"https:\/\/www.umtools.com\/it\/#website\"},\"datePublished\":\"2019-08-28T09:32:01+00:00\",\"dateModified\":\"2025-01-14T12:36:59+00:00\",\"description\":\"Il glossario della metalmeccanica arriva nel nostro sito per definire in modo semplice e sintetico i tanti termini di questo settore.\",\"breadcrumb\":{\"@id\":\"https:\/\/www.umtools.com\/it\/glossario-della-metalmeccanica\/#breadcrumb\"},\"inLanguage\":\"it-IT\",\"potentialAction\":[{\"@type\":\"ReadAction\",\"target\":[\"https:\/\/www.umtools.com\/it\/glossario-della-metalmeccanica\/\"]}]},{\"@type\":\"BreadcrumbList\",\"@id\":\"https:\/\/www.umtools.com\/it\/glossario-della-metalmeccanica\/#breadcrumb\",\"itemListElement\":[{\"@type\":\"ListItem\",\"position\":1,\"name\":\"Home\",\"item\":\"https:\/\/www.umtools.com\/it\/\"},{\"@type\":\"ListItem\",\"position\":2,\"name\":\"Glossario della metalmeccanica\"}]},{\"@type\":\"WebSite\",\"@id\":\"https:\/\/www.umtools.com\/it\/#website\",\"url\":\"https:\/\/www.umtools.com\/it\/\",\"name\":\"umtools\",\"description\":\"\",\"publisher\":{\"@id\":\"https:\/\/www.umtools.com\/it\/#organization\"},\"potentialAction\":[{\"@type\":\"SearchAction\",\"target\":{\"@type\":\"EntryPoint\",\"urlTemplate\":\"https:\/\/www.umtools.com\/it\/?s={search_term_string}\"},\"query-input\":{\"@type\":\"PropertyValueSpecification\",\"valueRequired\":true,\"valueName\":\"search_term_string\"}}],\"inLanguage\":\"it-IT\"},{\"@type\":\"Organization\",\"@id\":\"https:\/\/www.umtools.com\/it\/#organization\",\"name\":\"UM TOOLS S.r.l.\",\"url\":\"https:\/\/www.umtools.com\/it\/\",\"logo\":{\"@type\":\"ImageObject\",\"inLanguage\":\"it-IT\",\"@id\":\"https:\/\/www.umtools.com\/it\/#\/schema\/logo\/image\/\",\"url\":\"https:\/\/www.umtools.com\/wp-content\/uploads\/2018\/03\/logo-horiz-x2.png\",\"contentUrl\":\"https:\/\/www.umtools.com\/wp-content\/uploads\/2018\/03\/logo-horiz-x2.png\",\"width\":450,\"height\":55,\"caption\":\"UM TOOLS S.r.l.\"},\"image\":{\"@id\":\"https:\/\/www.umtools.com\/it\/#\/schema\/logo\/image\/\"},\"sameAs\":[\"https:\/\/www.facebook.com\/UMTOOLSsrl\/\",\"https:\/\/x.com\/UM_TOOLS\",\"https:\/\/www.instagram.com\/umtoolssrl\/\",\"https:\/\/www.linkedin.com\/company\/11076424\/admin\/\"]}]}<\/script>\n<!-- \/ Yoast SEO plugin. -->","yoast_head_json":{"title":"Il glossario della metalmeccanica - UM TOOLS","description":"Il glossario della metalmeccanica arriva nel nostro sito per definire in modo semplice e sintetico i tanti termini di questo settore.","robots":{"index":"index","follow":"follow","max-snippet":"max-snippet:-1","max-image-preview":"max-image-preview:large","max-video-preview":"max-video-preview:-1"},"canonical":"https:\/\/www.umtools.com\/it\/glossario-della-metalmeccanica\/","og_locale":"it_IT","og_type":"article","og_title":"Il glossario della metalmeccanica - UM TOOLS","og_description":"Il glossario della metalmeccanica arriva nel nostro sito per definire in modo semplice e sintetico i tanti termini di questo settore.","og_url":"https:\/\/www.umtools.com\/it\/glossario-della-metalmeccanica\/","og_site_name":"UM TOOLS S.r.l.","article_publisher":"https:\/\/www.facebook.com\/UMTOOLSsrl\/","article_modified_time":"2025-01-14T12:36:59+00:00","og_image":[{"width":925,"height":644,"url":"https:\/\/www.umtools.com\/wp-content\/uploads\/2018\/03\/logo-vert-xl.png","type":"image\/png"}],"twitter_card":"summary_large_image","twitter_site":"@UM_TOOLS","twitter_misc":{"Tempo di lettura stimato":"2 minuti"},"schema":{"@context":"https:\/\/schema.org","@graph":[{"@type":"WebPage","@id":"https:\/\/www.umtools.com\/it\/glossario-della-metalmeccanica\/","url":"https:\/\/www.umtools.com\/it\/glossario-della-metalmeccanica\/","name":"Il glossario della metalmeccanica - UM TOOLS","isPartOf":{"@id":"https:\/\/www.umtools.com\/it\/#website"},"datePublished":"2019-08-28T09:32:01+00:00","dateModified":"2025-01-14T12:36:59+00:00","description":"Il glossario della metalmeccanica arriva nel nostro sito per definire in modo semplice e sintetico i tanti termini di questo settore.","breadcrumb":{"@id":"https:\/\/www.umtools.com\/it\/glossario-della-metalmeccanica\/#breadcrumb"},"inLanguage":"it-IT","potentialAction":[{"@type":"ReadAction","target":["https:\/\/www.umtools.com\/it\/glossario-della-metalmeccanica\/"]}]},{"@type":"BreadcrumbList","@id":"https:\/\/www.umtools.com\/it\/glossario-della-metalmeccanica\/#breadcrumb","itemListElement":[{"@type":"ListItem","position":1,"name":"Home","item":"https:\/\/www.umtools.com\/it\/"},{"@type":"ListItem","position":2,"name":"Glossario della metalmeccanica"}]},{"@type":"WebSite","@id":"https:\/\/www.umtools.com\/it\/#website","url":"https:\/\/www.umtools.com\/it\/","name":"umtools","description":"","publisher":{"@id":"https:\/\/www.umtools.com\/it\/#organization"},"potentialAction":[{"@type":"SearchAction","target":{"@type":"EntryPoint","urlTemplate":"https:\/\/www.umtools.com\/it\/?s={search_term_string}"},"query-input":{"@type":"PropertyValueSpecification","valueRequired":true,"valueName":"search_term_string"}}],"inLanguage":"it-IT"},{"@type":"Organization","@id":"https:\/\/www.umtools.com\/it\/#organization","name":"UM TOOLS S.r.l.","url":"https:\/\/www.umtools.com\/it\/","logo":{"@type":"ImageObject","inLanguage":"it-IT","@id":"https:\/\/www.umtools.com\/it\/#\/schema\/logo\/image\/","url":"https:\/\/www.umtools.com\/wp-content\/uploads\/2018\/03\/logo-horiz-x2.png","contentUrl":"https:\/\/www.umtools.com\/wp-content\/uploads\/2018\/03\/logo-horiz-x2.png","width":450,"height":55,"caption":"UM TOOLS S.r.l."},"image":{"@id":"https:\/\/www.umtools.com\/it\/#\/schema\/logo\/image\/"},"sameAs":["https:\/\/www.facebook.com\/UMTOOLSsrl\/","https:\/\/x.com\/UM_TOOLS","https:\/\/www.instagram.com\/umtoolssrl\/","https:\/\/www.linkedin.com\/company\/11076424\/admin\/"]}]}},"publishpress_future_action":{"enabled":false,"date":"2026-05-10 10:10:04","action":"change-status","newStatus":"draft","terms":[],"taxonomy":"translation_priority","extraData":[]},"publishpress_future_workflow_manual_trigger":{"enabledWorkflows":[]},"_links":{"self":[{"href":"https:\/\/www.umtools.com\/it\/wp-json\/wp\/v2\/pages\/4320","targetHints":{"allow":["GET"]}}],"collection":[{"href":"https:\/\/www.umtools.com\/it\/wp-json\/wp\/v2\/pages"}],"about":[{"href":"https:\/\/www.umtools.com\/it\/wp-json\/wp\/v2\/types\/page"}],"author":[{"embeddable":true,"href":"https:\/\/www.umtools.com\/it\/wp-json\/wp\/v2\/users\/3"}],"replies":[{"embeddable":true,"href":"https:\/\/www.umtools.com\/it\/wp-json\/wp\/v2\/comments?post=4320"}],"version-history":[{"count":10,"href":"https:\/\/www.umtools.com\/it\/wp-json\/wp\/v2\/pages\/4320\/revisions"}],"predecessor-version":[{"id":25629,"href":"https:\/\/www.umtools.com\/it\/wp-json\/wp\/v2\/pages\/4320\/revisions\/25629"}],"wp:attachment":[{"href":"https:\/\/www.umtools.com\/it\/wp-json\/wp\/v2\/media?parent=4320"}],"curies":[{"name":"wp","href":"https:\/\/api.w.org\/{rel}","templated":true}]}}